{"id":23,"date":"2023-03-28T13:31:21","date_gmt":"2023-03-28T11:31:21","guid":{"rendered":"https:\/\/www.textilfreude.ch\/?page_id=23"},"modified":"2024-01-02T13:31:53","modified_gmt":"2024-01-02T12:31:53","slug":"textilfreude","status":"publish","type":"page","link":"https:\/\/www.textilfreude.ch\/","title":{"rendered":"TextilFreude"},"content":{"rendered":"<section class=\"wpb-content-wrapper\"><p>[vc_row row_type=&#187;row&#187; use_row_as_full_screen_section=&#187;no&#187; type=&#187;full_width&#187; text_align=&#187;left&#187; background_animation=&#187;none&#187; css_animation=&#187;&#187;][vc_column][vc_column_text]<\/p>\r\n<p class=\"has-text-align-center has-luminous-vivid-amber-color has-white-background-color has-text-color has-background has-medium-font-size\"><strong>Herzlich willkommen bei TextilFreude<\/strong><\/p>\r\n<p>\u00a0<\/p>\r\n\r\n<p>\u00a0<\/p>\r\n\r\n<p class=\"has-text-align-center\"><\/p>\r\n\r\n<p class=\"has-text-align-center\"><\/p>\r\n\r\n<p class=\"has-text-align-center\"><\/p>\r\n\r\n<p class=\"has-text-align-center\"><\/p>\r\n<p>&nbsp;<\/p>\r\n<p>[\/vc_column_text][\/vc_column][\/vc_row][vc_row row_type=&#187;row&#187; use_row_as_full_screen_section=&#187;no&#187; type=&#187;full_width&#187; text_align=&#187;left&#187; background_animation=&#187;none&#187; css_animation=&#187;&#187;][vc_column][vc_column_text]<\/p>\r\n<p class=\"has-text-align-center has-black-color has-text-color has-small-font-size\"><strong>Das Leben ist zu kurz, um sich zu beschr\u00e4nken<br \/>Farbe, F\u00fclle, Vielfalt<br \/>Kombinieren<br \/>Materialmix<br \/>M\u00f6glichkeiten<br \/>Stoffe, Spitzen, Wolle<br \/>? das ist zu viel, das passt nicht ?<br \/>das ist meins<br \/>Freude<\/strong><\/p>\r\n\r\n<p>\u00a0<\/p>\r\n<div class=\"wp-block-image\">\r\n<figure class=\"aligncenter size-full is-resized\"><img loading=\"lazy\" decoding=\"async\" class=\"wp-image-25\" src=\"https:\/\/www.textilfreude.ch\/wp-content\/uploads\/2023\/03\/b2.png\" alt=\"\" width=\"754\" height=\"334\" srcset=\"https:\/\/www.textilfreude.ch\/wp-content\/uploads\/2023\/03\/b2.png 943w, https:\/\/www.textilfreude.ch\/wp-content\/uploads\/2023\/03\/b2-300x133.png 300w, https:\/\/www.textilfreude.ch\/wp-content\/uploads\/2023\/03\/b2-768x340.png 768w\" sizes=\"auto, (max-width: 754px) 100vw, 754px\" \/><\/figure>\r\n<\/div>\r\n<p>\u00a0<\/p>\r\n\r\n<p class=\"has-text-align-center\">Kontakt:<a href=\"mailto:info@irisseide.ch\" target=\"_blank\" rel=\"noopener\"> info@irisseide.ch<\/a><\/p>\r\n<p>\u00a0<\/p>\r\n\r\n<p class=\"has-text-align-center\"><\/p>\r\n\r\n<p class=\"has-text-align-center\"><\/p>\r\n\r\n<p class=\"has-text-align-center\"><\/p>\r\n\r\n<p class=\"has-text-align-center\"><\/p>\r\n<p>&nbsp;<\/p>\r\n<p>[\/vc_column_text][\/vc_column][\/vc_row]<\/p><\/section>","protected":false},"excerpt":{"rendered":"<p>[vc_row row_type=&#187;row&#187; use_row_as_full_screen_section=&#187;no&#187; type=&#187;full_width&#187; text_align=&#187;left&#187; background_animation=&#187;none&#187; css_animation=&#187;&#187;][vc_column][vc_column_text] Herzlich willkommen bei TextilFreude \u00a0 \u00a0 &nbsp; [\/vc_column_text][\/vc_column][\/vc_row][vc_row row_type=&#187;row&#187; use_row_as_full_screen_section=&#187;no&#187; type=&#187;full_width&#187; text_align=&#187;left&#187; background_animation=&#187;none&#187; css_animation=&#187;&#187;][vc_column][vc_column_text] Das Leben ist zu kurz, um sich zu beschr\u00e4nkenFarbe, F\u00fclle, VielfaltKombinierenMaterialmixM\u00f6glichkeitenStoffe, Spitzen, Wolle? das ist zu viel, das passt nicht ?das ist meinsFreude \u00a0&#8230;<\/p>\n","protected":false},"author":1,"featured_media":0,"parent":0,"menu_order":1,"comment_status":"closed","ping_status":"closed","template":"","meta":{"footnotes":""},"class_list":["post-23","page","type-page","status-publish","hentry"],"_links":{"self":[{"href":"https:\/\/www.textilfreude.ch\/index.php\/wp-json\/wp\/v2\/pages\/23","targetHints":{"allow":["GET"]}}],"collection":[{"href":"https:\/\/www.textilfreude.ch\/index.php\/wp-json\/wp\/v2\/pages"}],"about":[{"href":"https:\/\/www.textilfreude.ch\/index.php\/wp-json\/wp\/v2\/types\/page"}],"author":[{"embeddable":true,"href":"https:\/\/www.textilfreude.ch\/index.php\/wp-json\/wp\/v2\/users\/1"}],"replies":[{"embeddable":true,"href":"https:\/\/www.textilfreude.ch\/index.php\/wp-json\/wp\/v2\/comments?post=23"}],"version-history":[{"count":18,"href":"https:\/\/www.textilfreude.ch\/index.php\/wp-json\/wp\/v2\/pages\/23\/revisions"}],"predecessor-version":[{"id":516,"href":"https:\/\/www.textilfreude.ch\/index.php\/wp-json\/wp\/v2\/pages\/23\/revisions\/516"}],"wp:attachment":[{"href":"https:\/\/www.textilfreude.ch\/index.php\/wp-json\/wp\/v2\/media?parent=23"}],"curies":[{"name":"wp","href":"https:\/\/api.w.org\/{rel}","templated":true}]}}